{"id":283,"date":"2020-06-29T16:55:10","date_gmt":"2020-06-29T21:55:10","guid":{"rendered":"http:\/\/www.perucontadores.com\/?page_id=283"},"modified":"2020-06-29T16:58:44","modified_gmt":"2020-06-29T21:58:44","slug":"boletines-mx","status":"publish","type":"page","link":"https:\/\/www.perucontadores.com\/index.php\/boletines-mx\/","title":{"rendered":"Boletines MX"},"content":{"rendered":"\n<p><strong>Normas y Procedimientos de Auditor\u00eda y Normas para Atestiguar (IMCP &#8211; Instituto Mexicano de Contadores P\u00fablicos)<\/strong><\/p>\n\n\n\n<p>Los boletines de esta Comisi\u00f3n se pueden clasificar de la siguiente forma:<\/p>\n\n\n\n<p>&#8211; Normas de auditoria<br>&#8211; Procedimientos de auditoria<br>&#8211; Otras declaraciones<\/p>\n\n\n\n<p>Las normas de auditoria son los requisitos m\u00ednimos de calidad relativos a la personalidad del auditor, al trabajo que desempe\u00f1a y a la informaci\u00f3n que rinde como resultado de dicho trabajo.<br>Las normas de auditoria est\u00e1n sujetas, por tener car\u00e1cter obligatorio, a un procedimiento especial de aprobaci\u00f3n que establecen los propios estatutos.<\/p>\n\n\n\n<p>1. Los procedimientos de auditoria son el conjunto de t\u00e9cnicas de investigaci\u00f3n aplicables a una partida o a un grupo de hechos o circunstancias examinadas, mediante las cuales el contador p\u00fablico obtiene las bases necesarias para fundamentar su opini\u00f3n. Los procedimientos de auditoria y dem\u00e1s recomendaciones de \u00edndole pr\u00e1ctica, que se incluyen en los boletines, constituyen la opini\u00f3n un\u00e1nime o mayoritaria en su caso de los miembros de la Comisi\u00f3n, con respecto a la mejor forma de llevar a cabo ciertas fases del trabajo de auditoria, de obtener la evidencia suficiente y competente y, en general, de realizar dicho trabajo en forma satisfactoria y profesional.<\/p>\n\n\n\n<p>2. Dichos procedimientos y recomendaciones deben ser aplicados en la realizaci\u00f3n del trabajo de auditoria. Esta aplicaci\u00f3n deber\u00e1 hacerse a juicio del auditor de acuerdo con las circunstancias, teniendo presente que el apartarse de ellos sin una raz\u00f3n justificada, constituye una falta de cumplimiento con las normas relativas a la ejecuci\u00f3n del trabajo.<\/p>\n\n\n\n<p>3. Las otras declaraciones son los medios a trav\u00e9s de los cuales esta Comisi\u00f3n da a conocer pol\u00edticas, programas, estudios, ejemplos, opiniones, gu\u00eda, etc\u00e9tera.<\/p>\n\n\n\n<p>4. Esta Comisi\u00f3n considera que independientemente de la obligaci\u00f3n de normar la actuaci\u00f3n del contador p\u00fablico como auditor independiente que asegure alta calidad de sus servicios, tiene el compromiso de promover y patrocinar la publicaci\u00f3n de elementos materiales que contribuyan al desarrollo profesional del contador p\u00fablico en el campo de la auditoria, a mantener y aumentar su capacidad t\u00e9cnica y a integrar una doctrina profesional de alto nivel y adaptada a las circunstancias y modalidades especiales de este trabajo en nuestro pa\u00eds.<br><\/p>\n\n\n\n<p><strong>Boletines Publicados<\/strong><\/p>\n\n\n\n<p><strong>DISPOSICIONES GENERALES<\/strong><br><strong>1010 Normas de auditor\u00eda<\/strong>: son los requisitos m\u00ednimos de calidad relativos a la personalidad de auditor, al trabajo que desempe\u00f1a y a la informaci\u00f3n que rinde como resultado de su trabajo.<\/p>\n\n\n\n<p><strong>1020 Declaraciones normativas de car\u00e1cter general sobre el objetivo y naturaleza de la auditor\u00eda de estados financieros:<\/strong>&nbsp;para dar a conocer informaci\u00f3n econ\u00f3mica, es necesario revisar su contenido, a trav\u00e9s de la auditoria.<\/p>\n\n\n\n<p><strong>NORMAS PERSONALES<\/strong><br><strong>2010 Pronunciamientos sobre las normas personales<\/strong>: se refiere a la cualidad es que el auditor debe tener para poder asumir, dentro de las exigencias que el car\u00e1cter profesional de la auditoria impone, un trabajo de este tipo.<\/p>\n\n\n\n<p><strong>NORMAS DE EJECUCI\u00d3N<\/strong><br><strong>3010\u00a0Documentos de la auditor\u00eda:<\/strong>\u00a0el auditor debe documentar todos aquellos aspectos importantes para evidenciar que el trabajo se hizo de acuerdo con las normas de auditoria generalmente aceptadas.<\/p>\n\n\n\n<p><strong>3020\u00a0Control de calidad<\/strong>: los servicios profesionales del auditor se presten con el mas alto nivel de calidad y en cumplimiento con el marco legal y profesional correspondiente.<\/p>\n\n\n\n<p><strong>3030 Importancia relativa y riesgo en la auditor\u00eda<\/strong>: no es necesario examinar todos los rubros o \u00e1reas de los estados financieros. Se debe enfatizar en relaci\u00f3n directa, tanto a la importancia relativa de las partidas, como al riesgo probable de que dichas partidas tengan errores.<\/p>\n\n\n\n<p><strong>3040\u00a0Planeaci\u00f3n y supervisi\u00f3n del trabajo de auditor\u00eda<\/strong>: se requiere de una planeaci\u00f3n adecuada para alcanzar sus objetivos mas eficientemente posible. Debe hacerse un plan inicial, a ser revisado continuamente y en su caso modificado, al mismo tiempo que se supervise el trabajo y efectuado.<\/p>\n\n\n\n<p><strong>3050\u00a0Estudio y evaluaci\u00f3n del control interno<\/strong>: Deber\u00e1 efectuar un estudio y evaluaci\u00f3n adecuada del control interno como base para la determinaci\u00f3n del alcance, naturaleza y momento de realizaci\u00f3n de las pruebas a las que deber\u00e1n concretarse los procedimientos de auditor\u00eda.<\/p>\n\n\n\n<p><strong>3060\u00a0Evidencia comprobatoria<\/strong>: son los elementos que comprueben la autenticidad de los hechos, la razonabilidad de los juicios efectuados, etc.<\/p>\n\n\n\n<p><strong>3070\u00a0Consideraciones sobre fraudes que deben hacerse en una auditor\u00eda de estados financieros<\/strong>: al detectar un error el auditor deber\u00e1 evaluar se es intencional o no.<\/p>\n\n\n\n<p><strong>3080 Declaraciones de la administraci\u00f3n<\/strong>: la administraci\u00f3n de la entidad hace declaraciones oralmente y por escrito en sus estados financieros o en respuesta a preguntas que se le plantea. Estas declaraciones son parte integrante de la evidencia comprobatoria que obtiene el auditor.<\/p>\n\n\n\n<p><strong>3090 Confirmaciones de abogados<\/strong>: es necesario que el auditor solicite a la administraci\u00f3n una relaci\u00f3n de los litigios, demandas y grav\u00e1menes que la afecten, los cuales deber\u00e1n ser corroborados por los abogados del cliente a trav\u00e9s de una confirmaci\u00f3n expresa.<\/p>\n\n\n\n<p><strong>3100 Revisi\u00f3n Anal\u00edtica:<\/strong>&nbsp;estudio de las relaciones y tendencias significativas que se desprenden principal mente de la informaci\u00f3n financiera y no financiera, incluyendo la investigaci\u00f3n resultante sobre variaciones y partidas poco usuales.<\/p>\n\n\n\n<p><strong>3110\u00a0Carta convenio para confirmar la prestaci\u00f3n de servicios de auditor\u00eda<\/strong>: en la carta convenio se establecer\u00e1 los t\u00e9rminos del servicio y se obtendr\u00e1 la aprobaci\u00f3n del cliente.<\/p>\n\n\n\n<p><strong>3120 Tratamientos de procedimientos omitidos, descubiertos despu\u00e9s de la presentaci\u00f3n del dictamen<\/strong>: cuando el auditor descubre y concluye, con posterioridad a la fecha de su dictamen, que uno o varios procedimientos fueron omitidos durante su examen, se debe establecer el tratamiento y los procedimientos generales por aplicar.<\/p>\n\n\n\n<p><strong>3130 Efecto en la auditor\u00eda por incumplimiento de una entidad con leyes y reglamentos<\/strong>: el incumplimiento de la entidad con leyes y reglamentos puede afectar sustancialmente a los estados financieros y a su dictamen. El determinar si hay incumplimiento o no es una situaci\u00f3n legal que esta normalmente mas all\u00e1 de la competencia profesional de auditor.<\/p>\n\n\n\n<p><strong>NORMAS DE INFORMACI\u00d3N<\/strong><\/p>\n\n\n\n<p><strong>4010\u00a0Dictamen del auditor<\/strong>: el dictamen es el documento que suscribe el contador p\u00fablico conforme a las normas de su profesi\u00f3n, relativo a la naturales, alcance y resultado del examen realizado sobre los estados financieros de la entidad de que se trate.<\/p>\n\n\n\n<p><strong>4020\u00a0Dictamen sobre estados financieros preparados de acuerdo con bases espec\u00edficas diferentes a los principios de contabilidad:<\/strong>\u00a0se debe establecer pronunciamientos normativos en relaci\u00f3n con los dict\u00e1menes que emite el contador p\u00fablico sobre estados financieros preparados sobre bases especificas diferentes a los principios de contabilidad generalmente aceptados en M\u00e9xico.<\/p>\n\n\n\n<p><strong>4030 Efectos en el dictamen cuando se utiliza el trabajo de otros auditores:<\/strong>&nbsp;es posible que el auditor sea contratado para dictaminar una entidad, en cuya auditoria participen otros auditores en la revisi\u00f3n o sean parte o componente, el auditor principal debe evaluar los efectos que tienen en su dictamen el trabajo realizado por dichos otros auditores.<\/p>\n\n\n\n<p><strong>4040 Otras opiniones del auditor:<\/strong>&nbsp;con cierta frecuencia y atendiendo a diversas necesidades, les es solicitada al auditor su opini\u00f3n sobre ciertos hechos o informaci\u00f3n distinta a los estados financieros tomados en su conjunto.<\/p>\n\n\n\n<p><strong>4050 Informe sobre la revisi\u00f3n limitada de estados financieros intermedios:<\/strong>&nbsp;el contador p\u00fablico puede involucrarse de varias formas con estados financieros intermedios debe realizarse de acuerdo con las normas de auditoria generalmente aceptadas.<\/p>\n\n\n\n<p><strong>4060 Opini\u00f3n del auditor sobre la informaci\u00f3n adicional que acompa\u00f1a a los Estados financieros b\u00e1sicos dictaminado<\/strong>s: en ocasiones la administraci\u00f3n de la entidad presenta informaci\u00f3n adicional a los estados financieros, el auditor debe aclarar la responsabilidad que tiene en relaci\u00f3n con la misma.<\/p>\n\n\n\n<p><strong>4070 Opini\u00f3n del contador p\u00fablico sobre la incorporaci\u00f3n de eventos subsecuentes en estados financieros pro forma<\/strong>: es indispensable conocer el efecto que pueden tener sobre las cifras de los estados financieros, transacciones importantes que ocurren despu\u00e9s de las mismos o que no se han consumado o tienen posibilidades de efectuarse.<\/p>\n\n\n\n<p><strong>4080 Efectos del trabajo de un especialista en el dictamen del auditor<\/strong>: se tendr\u00e1 que obtener elementos de juicio suficiente s y certeza razonable para opinar sobre asuntos fuera de su \u00e1mbito profesional y corresponden a un especialista en determinada \u00e1rea.<\/p>\n\n\n\n<p><strong>4090 El dictamen del contador p\u00fablico en su car\u00e1cter de comisario<\/strong>: las funciones de vigilancia de las sociedades an\u00f3nimas a trav\u00e9s de uno o varios accionistas, requiere un informe respecto de la veracidad, suficiencia y razonabilidad de la informaci\u00f3n presentada por los administradores, a la propia asamblea de accionistas.<\/p>\n\n\n\n<p><strong>4100 Opini\u00f3n sobre el control interno contable<\/strong>: los usuarios de los servicios del auditor est\u00e1n interesados en la opini\u00f3n independiente sobre el control interno contable existente en la empresa.<\/p>\n\n\n\n<p><strong>4110 Asociaci\u00f3n del nombre del contador p\u00fablico con estados financieros publicados<\/strong>: por razones de car\u00e1cter legal o de otra naturaleza tienen la necesidad de publicar sus estados financieros. Un contador p\u00fablico se dice que esta asociado a los estados financieros cuando su nombre y su firma aparecen conjuntamente con ellos.<\/p>\n\n\n\n<p><strong>4120 Informe del auditor sobre el resultado de la aplicaci\u00f3n de procedimientos de revisi\u00f3n previamente convenidos<\/strong>: el auditor es requerido para realizar un trabajo, mediante el cual sean aplicados procedimientos de revisi\u00f3n previamente convenidos con el cliente, para emitir un informe sobre los resultados obtenidos.<\/p>\n\n\n\n<p><strong>4130 Dictamen de auditor sobre estados financieros de entidades mexicanas, preparados para fines internacionales<\/strong>: es necesario normar la emisi\u00f3n de dict\u00e1menes sobre estados financieros de entidades mexicanas, para fines internacionales, conciliando y considerando las responsabilidades que el auditor mexicano adquiere al emitir dichos dict\u00e1menes, cuya circulaci\u00f3n traspasa las fronteras de su pa\u00eds.<\/p>\n\n\n\n<p><strong>4140 Opini\u00f3n del auditor sobre informaci\u00f3n financiera proyectada<\/strong>: en ocasiones se requiere de informaci\u00f3n financiera proyectada que muestre los efectos que tendr\u00eda en los estados financieros y ciertos eventos que podr\u00edan ocurrir en el futuro y que dicha informaci\u00f3n sea examinada por un contador p\u00fablico independiente.<\/p>\n\n\n\n<p><strong>4160 Informe para agentes de valores:<\/strong>&nbsp;el financiamiento de las empresas en M\u00e9xico, a trav\u00e9s de colocadores de valores ya sea de capital o de deuda ha dado lugar a que las autoridades regulatorias hayan intensificado su vigilancia sobre la informaci\u00f3n financiera.<\/p>\n\n\n\n<p><strong>4170 Dictamen sobre estados financieros comparativos:<\/strong>&nbsp;la comparabilidad es una condici\u00f3n previa a la consistencia, la cual es un requisito fundamental para evitar el riesgo de interpretaciones err\u00f3neas al momento de hacer comparaciones.<\/p>\n\n\n\n<p><strong>4180 Restricciones en el uso del dictamen del auditor:<\/strong>&nbsp;los estados financieros no necesariamente est\u00e1n preparados sobre las mismas bases de presentaci\u00f3n, por lo que las restricciones en el uso del dictamen son imperativas, ya que de no hacerlas, las personas interesadas podr\u00edan tomar decisiones err\u00f3neas.<\/p>\n\n\n\n<p><strong>PROCEDIMIENTOS DE AUDITOR\u00cdA<\/strong><\/p>\n\n\n\n<p><strong>5010\u00a0Procedimientos de auditor\u00eda de aplicaci\u00f3n general<\/strong>: los procedimientos de auditoria, son el conjunto de t\u00e9cnicas de investigaci\u00f3n aplicables a una partida o a un grupo de hechos o circunstancias relativas a los estados financieros sujetos a examen, mediante los cuales, el contador p\u00fablico obtiene las bases para fundamentar su opini\u00f3n.<\/p>\n\n\n\n<p><strong>5020 El muestreo en la auditor\u00eda<\/strong>: mediante la aplicaci\u00f3n de sus procedimientos de auditor\u00eda a una muestra representativa de estas transacciones o partidas, puede obtener la evidencia que se requiere.<\/p>\n\n\n\n<p><strong>5030\u00a0Metodolog\u00eda para el estudio y evaluaci\u00f3n del control interno<\/strong>: el auditor debe seguir procedimientos recomendados para el estudio y evaluaci\u00f3n adecuados del control interno existente.<\/p>\n\n\n\n<p><strong>5040 Procedimientos de auditor\u00eda para el estudio y la evaluaci\u00f3n de la fundaci\u00f3n de auditor\u00eda interna<\/strong>: la funci\u00f3n de la auditoria interna, forma parte de las t\u00e9cnicas de control interno sujetas a evaluaci\u00f3n por parte del auditor externo.<\/p>\n\n\n\n<p><strong>5050 Utilizaci\u00f3n del trabajo de un especialista<\/strong>: el auditor debe cubrir y establecer los procedimientos que se consideran adecuados para la revisi\u00f3n del trabajo de un especialista.<\/p>\n\n\n\n<p><strong>5060 Partes relacionadas<\/strong>: se recomiendan procedimientos de auditoria tendientes a la identificaci\u00f3n de partes relacionadas, la revisi\u00f3n de transacciones y saldos entre ellas y la comparaci\u00f3n de su adecuada revelaci\u00f3n en los estados financieros.<\/p>\n\n\n\n<p><strong>5070 Comunicaciones entre el auditor sucesor y el auditor predecesor<\/strong>: un auditor puede ser llamado a suceder o reemplazar a un colega en la realizaci\u00f3n de un examen de estados financieros, la comunicaci\u00f3n con el auditor a quien se pretende suceder o reemplazar, constituye una conducta \u00e9tica y fortalece las relaciones profesionales.<\/p>\n\n\n\n<p><strong>5080 Efectos del Procesamiento Electr\u00f3nico de Datos (PED) en el examen de control interno<\/strong>: cuando el procesamiento electr\u00f3nico de datos forma parte del control interno contable es sujeto a examen, el auditor debe documentas adecuadamente sus conclusiones sobre el PED en sus pruebas de auditor\u00eda.<\/p>\n\n\n\n<p><strong>5090 Revisi\u00f3n de control interno de entidades que utilizan organizaciones de servicios:<\/strong>&nbsp;es com\u00fan que el procesamiento de la informaci\u00f3n sea realizada por terceros, por otra parte se debe considerar, en su estudio y evaluaci\u00f3n el efecto que tiene el control interno al ser realizado por terceros.<\/p>\n\n\n\n<p><strong>5100 Efectivo e inversiones temporales<\/strong>: se refiere al examen de las partidas de efectivo e inversiones temporales, los procedimientos deben ser dise\u00f1ados por el auditor, tomando en cuenta las caracter\u00edsticas de cada empresa<\/p>\n\n\n\n<p><strong>5110 Ingresos y cuentas por cobrar:<\/strong>&nbsp;para el examen de los rubros de ingresos y cuentas por cobrar, los procedimientos deben ser dise\u00f1ados por el auditor, tomando en cuenta las caracter\u00edsticas de cada empresa.<\/p>\n\n\n\n<p><strong>5120 Inventarios y costos de ventas:<\/strong>&nbsp;en el examen de los rubros de inventarios y costo de ventas, los procedimientos deben ser dise\u00f1ados por el auditor, tomando en cuenta las caracter\u00edsticas de cada empresa.<\/p>\n\n\n\n<p><strong>5130 Pagos anticipados:<\/strong>&nbsp;para el examen de pagos anticipados, los procedimientos deben ser dise\u00f1ados por el auditor, tomando en cuenta las caracter\u00edsticas de cada empresa.<\/p>\n\n\n\n<p><strong>5140 Procedimientos de auditor\u00eda relacionados con estados financieros consolidados y combinados, y con la valuaci\u00f3n de inversiones permanentes en acciones:<\/strong>&nbsp;se debe se\u00f1alar los procedimientos de auditoria para la revisi\u00f3n de los estados financieros consolidados y combinados y la valuaci\u00f3n de las inversiones permanentes en acciones de acuerdo al bolet\u00edn B-8 de la comisi\u00f3n de principios de contabilidad.<\/p>\n\n\n\n<p><strong>5150 Inmuebles, maquinaria y equipo<\/strong>: en el examen de los rubros de inmuebles maquinaria y equipo, los procedimientos deben ser dise\u00f1ados por el auditor, tomando en cuenta las caracter\u00edsticas de cada empresa.<\/p>\n\n\n\n<p><strong>5160 Intangibles:<\/strong>&nbsp;para el examen de los activos intangibles, los procedimientos deben ser dise\u00f1ados por el auditor, tomando en cuenta las caracter\u00edsticas de cada empresa.<\/p>\n\n\n\n<p><strong>5170\u00a0Pasivos<\/strong>: para el examen de pasivos y al evaluar si la evidencia es suficiente y competente, los procedimientos de auditoria, deben ser de acuerdo con las normas de auditoria generalmente aceptadas.<\/p>\n\n\n\n<p><strong>5180 Estimaciones contables:<\/strong>&nbsp;el auditor es responsable de evaluar la razonabilidad las estimaciones contables hechas por la administraci\u00f3n, incluidas en la informaci\u00f3n contable.<\/p>\n\n\n\n<p><strong>5190\u00a0Capital contable<\/strong>: en el examen del capital contable, los procedimientos deben ser dise\u00f1ados en forma especifica por el auditor, tomando en cuenta las caracter\u00edsticas de cada empresa.<\/p>\n\n\n\n<p><strong>5200 Gastos:<\/strong>&nbsp;para el examen de los gastos, los procedimientos deben ser dise\u00f1ados por el auditor, tomando en cuenta las condiciones y caracter\u00edsticas de cada empresa.<\/p>\n\n\n\n<p><strong>5210 Examen de remuneraciones al personal:<\/strong>&nbsp;se refiere al examen de las remuneraciones al personal, contractuales y legales, y se considera como procedimiento de auditoria aplicable al examen de costos y gastos de operaci\u00f3n.<\/p>\n\n\n\n<p><strong>5220 Contingencias no cuantificables y compromisos<\/strong>: una contingencia es la incertidumbre que resulta de la consumaci\u00f3n de un hecho a futuro, que generalmente trae como consecuencia una utilidad o perdida. Un compromiso es una obligaci\u00f3n contractual u orden de compra firmada por un tercero, se debe establecer los procedimientos de auditoria para la determinaci\u00f3n y examen de las contingencias no cuantificables y compromisos. Los procedimientos deben ser dise\u00f1ados por el auditor en cada caso en particular, tomando en cuenta las caracter\u00edsticas de cada empresa.<\/p>\n\n\n\n<p><strong>5230 Hechos posteriores:<\/strong>&nbsp;algunos hecho o transacciones ocurridos con posterioridad a la fecha del balance y hasta la fecha del dictamen, pueden afectar significativamente, de acuerdo con principios de contabilidad y hacen necesario un ajuste o revelaci\u00f3n de dichos estados.<\/p>\n\n\n\n<p><strong>5240 Procedimientos de auditor\u00eda aplicables a una revisi\u00f3n limitada sobre estados financieros intermedios:<\/strong>&nbsp;en una revisi\u00f3n limitada de estados financieros intermedios el CP efectuara procedimientos de entrevista y de revisi\u00f3n anal\u00edtica para tener una base razonable, para expresar que no existen modificaciones de importancia en los estados financieros de conformidad con los principios de contabilidad generalmente aceptados.<\/p>\n\n\n\n<p><strong>5250 Metodolog\u00eda de revisi\u00f3n relativa a la opini\u00f3n sobre el control interno contable:<\/strong>&nbsp;el examen de control interno, tiene una metodolog\u00eda de. El auditor deber\u00e1 planear su trabajo, revisar la estructura del control interno contable, preparar un programa de trabajo, llevar a cabo pruebas de cumplimiento y evaluar los resultados de la revisi\u00f3n y preparar la opini\u00f3n correspondiente.<\/p>\n\n\n\n<p><strong>5260 Comprobaci\u00f3n del reconocimiento de los efectos de la inflaci\u00f3n en los estados financieros:<\/strong>&nbsp;se ha hecho consideraciones en los procedimientos de auditoria para el reconocimiento de los efectos de la inflaci\u00f3n en los estados financieros.<\/p>\n\n\n\n<p><strong>5270 Utilizaci\u00f3n del trabajo de otros auditores:<\/strong>&nbsp;cuando el auditor decida utilizar el trabajo realizado por otros auditores, debe obtener una seguridad razonable que dicho trabajo se realice con las normas de auditoria.<\/p>\n\n\n\n<p><strong>5280 Procedimientos aplicables a saldos iniciales en primeras auditor\u00edas<\/strong>: se refiere a la naturaleza, alcance y oportunidad en la aplicaci\u00f3n de los procedimientos de auditoria a los saldos iniciales de las cuentas de naturaleza acumulativa.<\/p>\n\n\n\n<p><strong>OTRAS DECLARACIONES DE LA COMISI\u00d3N<\/strong><\/p>\n\n\n\n<p><strong>6060 Muestreo estad\u00edstico en auditor\u00eda:<\/strong>&nbsp;con el objeto de que el auditor aplique los procedimientos de auditoria, puede determinar el tama\u00f1o de la muestra representativa de las transacciones o partidas sujetas a examen para que le permita obtener evidencia suficiente y competente que soporte la opini\u00f3n del auditor.<\/p>\n\n\n\n<p><strong>6070 Consideraciones en la auditor\u00eda de negocios peque\u00f1os:<\/strong>&nbsp;los servicios de auditoria a los peque\u00f1os negocios ha incrementado, debido a que tienen que cumplir con ciertas disposiciones legales y de necesidades de su administraci\u00f3n.<\/p>\n\n\n\n<p><strong>6080 Ayuda para prevenir, disuadir y detectar el fraude:<\/strong>&nbsp;el fraude en la informaci\u00f3n financiera ha originado que se revisen los aspectos de control y sea necesario revisar los factores que inciden en el fraude, as\u00ed como recomendar programas que ayuden a mitigarlo.<\/p>\n\n\n\n<p><strong>6090 Procedimientos de auditor\u00eda relativa a instrumentos financieros derivados:<\/strong>&nbsp;para revisar los instrumentos financieros derivados, se recomienda utilizar procedimientos que pueden ser dise\u00f1ados por el auditor, tomando en cuenta las caracter\u00edsticas de cada empresa.<\/p>\n\n\n\n<p><strong>NORMAS RELATIVAS A SERVICIOS PARA ATESTIGUAR<\/strong><\/p>\n\n\n\n<p><strong>7010 Normas para atestiguar:<\/strong>&nbsp;las normas para atestiguar constituyen una gu\u00eda y establecer un amplio marco de referencia para una variedad de servicios profesionales y que constituyen lineamientos profesionales, orientados a promover tanto la consistencia como la calidad en la prestaci\u00f3n de esos servicios.<\/p>\n\n\n\n<p><strong>7020 Informes sobre ex\u00e1menes y revisiones de informaci\u00f3n financiera proforma:<\/strong>&nbsp;la informaci\u00f3n financiera pro forma cuales hubieran sido los efectos importantes que una o mas operaciones o eventos propuestos o ya ocurridos, pudieran haber tenido sobre los estados financieros b\u00e1sicos si hubieran ocurrido a la fecha del balance general que contiene la informaci\u00f3n financiera.<\/p>\n\n\n\n<p><strong>7030 Informe sobre el examen del control interno relacionado con la preparaci\u00f3n de la informaci\u00f3n financiera.<\/strong>&nbsp;El bolet\u00edn establece normas y proporciona gu\u00edas al Contador P\u00fablico que es contratado para examinar u opinar sobre la efectividad del dise\u00f1o y\/u operaci\u00f3n del control interno relacionado con informaci\u00f3n financiera&#8230;<\/p>\n\n\n\n<p>Ver todos los documentos<\/p>\n<iframe loading=\"lazy\" src=\"https:\/\/onedrive.live.com\/embed?cid=8AFA43B63A8797F4&amp;resid=8AFA43B63A8797F4%211376&amp;authkey=APwl_ATzw5IBjpw\" width=\"165\" height=\"128\" frameborder=\"0\" scrolling=\"no\"><\/iframe>\n","protected":false},"excerpt":{"rendered":"<p>Normas y Procedimientos de Auditor\u00eda y Normas para Atestiguar (IMCP &#8211; Instituto Mexicano de Contadores P\u00fablicos) Los boletines de esta Comisi\u00f3n se pueden clasificar de la siguiente forma: &#8211; Normas de auditoria&#8211; Procedimientos de auditoria&#8211; Otras declaraciones Las normas de auditoria son los requisitos m\u00ednimos de calidad relativos a la personalidad del auditor, al trabajo &hellip; <a href=\"https:\/\/www.perucontadores.com\/index.php\/boletines-mx\/\" class=\"more-link\">Continuar leyendo<span class=\"screen-reader-text\"> \u00abBoletines MX\u00bb<\/span><\/a><\/p>\n","protected":false},"author":1,"featured_media":0,"parent":0,"menu_order":0,"comment_status":"closed","ping_status":"closed","template":"","meta":{"footnotes":""},"class_list":["post-283","page","type-page","status-publish","hentry"],"_links":{"self":[{"href":"https:\/\/www.perucontadores.com\/index.php\/wp-json\/wp\/v2\/pages\/283","targetHints":{"allow":["GET"]}}],"collection":[{"href":"https:\/\/www.perucontadores.com\/index.php\/wp-json\/wp\/v2\/pages"}],"about":[{"href":"https:\/\/www.perucontadores.com\/index.php\/wp-json\/wp\/v2\/types\/page"}],"author":[{"embeddable":true,"href":"https:\/\/www.perucontadores.com\/index.php\/wp-json\/wp\/v2\/users\/1"}],"replies":[{"embeddable":true,"href":"https:\/\/www.perucontadores.com\/index.php\/wp-json\/wp\/v2\/comments?post=283"}],"version-history":[{"count":3,"href":"https:\/\/www.perucontadores.com\/index.php\/wp-json\/wp\/v2\/pages\/283\/revisions"}],"predecessor-version":[{"id":287,"href":"https:\/\/www.perucontadores.com\/index.php\/wp-json\/wp\/v2\/pages\/283\/revisions\/287"}],"wp:attachment":[{"href":"https:\/\/www.perucontadores.com\/index.php\/wp-json\/wp\/v2\/media?parent=283"}],"curies":[{"name":"wp","href":"https:\/\/api.w.org\/{rel}","templated":true}]}}