{"id":358,"date":"2023-02-10T19:25:44","date_gmt":"2023-02-11T00:25:44","guid":{"rendered":"http:\/\/www.perucontadores.com\/?page_id=358"},"modified":"2023-02-11T19:15:47","modified_gmt":"2023-02-12T00:15:47","slug":"asesoria-tributaria","status":"publish","type":"page","link":"https:\/\/www.perucontadores.com\/index.php\/asesoria-tributaria\/","title":{"rendered":"Asesor\u00eda tributaria"},"content":{"rendered":"\n<ul class=\"wp-block-list\">\n<li>Preparaci\u00f3n de Declaraciones tributarias seg\u00fan las necesidades de la empresa\u00a0<\/li>\n\n\n\n<li>Presentaci\u00f3n de las declaraciones mensuales de Renta e IGV.<\/li>\n\n\n\n<li>Asesor\u00eda especializada en el c\u00e1lculo, recuperaci\u00f3n, devoluciones, regularizaciones de tributos y tasas.\u00a0<\/li>\n\n\n\n<li>An\u00e1lisis y determinaci\u00f3n del Impuesto a la Renta e IGV.\u00a0<\/li>\n\n\n\n<li>Asesorar en los procesos de fiscalizaci\u00f3n tributaria por la SUNAT.\u00a0<\/li>\n\n\n\n<li>Asesor\u00eda y preparaci\u00f3n de recursos de reclamaci\u00f3n y apelaci\u00f3n a la SUNAT.<\/li>\n<\/ul>\n\n\n\n<p><\/p>\n\n\n\n<p><\/p>\n","protected":false},"excerpt":{"rendered":"","protected":false},"author":1,"featured_media":0,"parent":0,"menu_order":0,"comment_status":"closed","ping_status":"closed","template":"","meta":{"footnotes":""},"class_list":["post-358","page","type-page","status-publish","hentry"],"_links":{"self":[{"href":"https:\/\/www.perucontadores.com\/index.php\/wp-json\/wp\/v2\/pages\/358","targetHints":{"allow":["GET"]}}],"collection":[{"href":"https:\/\/www.perucontadores.com\/index.php\/wp-json\/wp\/v2\/pages"}],"about":[{"href":"https:\/\/www.perucontadores.com\/index.php\/wp-json\/wp\/v2\/types\/page"}],"author":[{"embeddable":true,"href":"https:\/\/www.perucontadores.com\/index.php\/wp-json\/wp\/v2\/users\/1"}],"replies":[{"embeddable":true,"href":"https:\/\/www.perucontadores.com\/index.php\/wp-json\/wp\/v2\/comments?post=358"}],"version-history":[{"count":3,"href":"https:\/\/www.perucontadores.com\/index.php\/wp-json\/wp\/v2\/pages\/358\/revisions"}],"predecessor-version":[{"id":369,"href":"https:\/\/www.perucontadores.com\/index.php\/wp-json\/wp\/v2\/pages\/358\/revisions\/369"}],"wp:attachment":[{"href":"https:\/\/www.perucontadores.com\/index.php\/wp-json\/wp\/v2\/media?parent=358"}],"curies":[{"name":"wp","href":"https:\/\/api.w.org\/{rel}","templated":true}]}}